{"id":663,"date":"2021-01-13T23:08:10","date_gmt":"2021-01-13T22:08:10","guid":{"rendered":"https:\/\/www.sabinerobustelli.com\/?page_id=663"},"modified":"2025-04-07T17:01:24","modified_gmt":"2025-04-07T16:01:24","slug":"mentions-legales","status":"publish","type":"page","link":"https:\/\/www.sabinerobustelli.com\/en\/mentions-legales\/","title":{"rendered":"Legal Notice"},"content":{"rendered":"<div class=\"wpb-content-wrapper\"><p>[vc_row css_animation=&#8221;&#8221; row_type=&#8221;row&#8221; use_row_as_full_screen_section=&#8221;no&#8221; type=&#8221;full_width&#8221; angled_section=&#8221;no&#8221; text_align=&#8221;left&#8221; background_image_as_pattern=&#8221;without_pattern&#8221; css=&#8221;.vc_custom_1609881288970{padding-top: 50px !important;padding-bottom: 50px !important;}&#8221; z_index=&#8221;&#8221;][vc_column][vc_column_text]<\/p>\n<h2 class=\"starTitle\">Legal Notice<\/h2>\n<p>[\/vc_column_text][vc_separator type=&#8221;small&#8221; position=&#8221;left&#8221; color=&#8221;#e53469&#8243; up=&#8221;5&#8243; down=&#8221;30&#8243;][vc_row_inner row_type=&#8221;row&#8221; type=&#8221;full_width&#8221; text_align=&#8221;left&#8221; css_animation=&#8221;&#8221;][vc_column_inner width=&#8221;1\/2&#8243;][vc_column_text css=&#8221;.vc_custom_1609882470840{padding-bottom: 20px !important;}&#8221;]<\/p>\n<h4>Identification<\/h4>\n<p>Sabine Robustelli, Artiste affili\u00e9e \u00e0 la Maison des Artistes.<\/p>\n<p><strong>N\u00b0 Siret :<\/strong> 523435055 00034<\/p>\n<p>TVA non applicable &#8211; article 293 B du CGI[\/vc_column_text][vc_column_text css=&#8221;.vc_custom_1609881633273{padding-bottom: 20px !important;}&#8221;]<\/p>\n<h4>Contact<\/h4>\n<div class=\"grid-100 mobile-grid-100\">\n<div class=\"grid-33 mobile-grid-50\">\n<address>Sabine Robustelli<\/address>\n<address>1bis rue Charles Delesalle<\/address>\n<address>59000 Lille<\/address>\n<\/div>\n<div class=\"grid-33 mobile-grid-50\">\n<p>+33 (0)6.84.79.42.67<\/p>\n<\/div>\n<div class=\"grid-33 mobile-grid-50\">\n<p><a href=\"http:\/\/robustelli.fr\/mentions-legales\/#contact_form\">sabine.robustelli[a]gmail.com<\/a><\/p>\n<\/div>\n<\/div>\n<p>[\/vc_column_text][vc_column_text css=&#8221;.vc_custom_1609881509829{padding-bottom: 20px !important;}&#8221;]<\/p>\n<div class=\"grid-100 mobile-grid-100\">\n<div class=\"grid-33 mobile-grid-50\">\n<h4>H\u00e9bergeur<\/h4>\n<\/div>\n<\/div>\n<p>Le site est h\u00e9berg\u00e9 par la soci\u00e9t\u00e9 SAS &#8211;\u00a0<a href=\"http:\/\/www.ovh.fr\/support\/documents_legaux\/\" target=\"_blank\" rel=\"noopener\">OVH<\/a> &#8211;\u00a02 rue Kellermann &#8211; 59100 Roubaix &#8211; France.[\/vc_column_text][\/vc_column_inner][vc_column_inner width=&#8221;1\/2&#8243;][vc_column_text css=&#8221;.vc_custom_1609882404068{padding-bottom: 20px !important;}&#8221;]<\/p>\n<h4>Respect de vos donn\u00e9es personnelles<\/h4>\n<p>Je m&#8217;engage \u00e0\u00a0prot\u00e9ger la vie priv\u00e9e des utilisateurs et la confidentialit\u00e9 des informations communiqu\u00e9es sur le Site.\u00a0Ce site internet a fait l\u2019objet d\u2019une d\u00e9claration \u00e0 la Commission Nationale de l\u2019Informatique et des Libert\u00e9s (CNIL) sous le n\u00b0 <span class=\"pink_text\">1642060<\/span>.<\/p>\n<p>Vous pouvez \u00e9galement, pour des motifs l\u00e9gitimes, vous opposer au traitement des donn\u00e9es vous concernant. Les informations recueillies font l\u2019objet d\u2019un traitement informatique destin\u00e9 \u00e0 \u00eatre archiv\u00e9es. Ces informations ne seront pas transmises \u00e0 une autre entreprise ou organisme.<\/p>\n<p>Conform\u00e9ment \u00e0 la loi \u00ab informatique et libert\u00e9s \u00bb du 6 janvier 1978 modifi\u00e9e en 2004, vous b\u00e9n\u00e9ficiez d\u2019un droit d\u2019acc\u00e8s et de rectification aux informations qui vous concernent, que vous pouvez exercer en vous adressant \u00e0 Sabine Robustelli, 1bis rue Charles Delesalle 59000 Lille ou par email sabine.robustelli[a]gmail.com[\/vc_column_text][vc_column_text]<\/p>\n<h4>Droits d&#8217;Auteurs<\/h4>\n<p>Le pr\u00e9sent site constitue une \u0153uvre prot\u00e9g\u00e9e par le droit d\u2019auteur en vigueur en France.<\/p>\n<p>Par ailleurs, sauf mention contraire, les droits de propri\u00e9t\u00e9 intellectuelle sur les documents contenus dans le site (textes, photographies, images, etc.) et chacun des \u00e9l\u00e9ments cr\u00e9\u00e9s pour ce site sont la propri\u00e9t\u00e9 exclusive de Sabine Robustelli.\u00a0L&#8217;utilisation ou la reproduction de tous \u00e9l\u00e9ments publi\u00e9s sur le site <a href=\"www.sabinerobustelli.com\">www.sabinerobustelli.com<\/a> est express\u00e9ment interdite (art. 122.4 du code de la propi\u00e9t\u00e9 intellectuelle).[\/vc_column_text][\/vc_column_inner][\/vc_row_inner][\/vc_column][\/vc_row]<\/p>\n<\/div>","protected":false},"excerpt":{"rendered":"<p>[vc_row css_animation=&#8221;&#8221; row_type=&#8221;row&#8221; use_row_as_full_screen_section=&#8221;no&#8221; type=&#8221;full_width&#8221; angled_section=&#8221;no&#8221; text_align=&#8221;left&#8221; background_image_as_pattern=&#8221;without_pattern&#8221; css=&#8221;.vc_custom_1609881288970{padding-top: 50px !important;padding-bottom: 50px !important;}&#8221; z_index=&#8221;&#8221;][vc_column][vc_column_text] Legal Notice [\/vc_column_text][vc_separator type=&#8221;small&#8221; position=&#8221;left&#8221; color=&#8221;#e53469&#8243; up=&#8221;5&#8243; down=&#8221;30&#8243;][vc_row_inner row_type=&#8221;row&#8221; type=&#8221;full_width&#8221; text_align=&#8221;left&#8221; css_animation=&#8221;&#8221;][vc_column_inner width=&#8221;1\/2&#8243;][vc_column_text css=&#8221;.vc_custom_1609882470840{padding-bottom: 20px !important;}&#8221;] Identification Sabine Robustelli, Artiste affili\u00e9e \u00e0 la Maison des Artistes. N\u00b0 Siret : 523435055 00034&#8230;<\/p>\n","protected":false},"author":1,"featured_media":0,"parent":0,"menu_order":0,"comment_status":"open","ping_status":"open","template":"","meta":{"footnotes":""},"class_list":["post-663","page","type-page","status-publish","hentry"],"yoast_head":"<!-- This site is optimized with the Yoast SEO plugin v24.8.1 - https:\/\/yoast.com\/wordpress\/plugins\/seo\/ -->\n<title>Legal Notice - Sabine Robustelli - Artiste<\/title>\n<meta name=\"robots\" content=\"index, follow, max-snippet:-1, max-image-preview:large, max-video-preview:-1\" \/>\n<link rel=\"canonical\" href=\"https:\/\/www.sabinerobustelli.com\/en\/mentions-legales\/\" \/>\n<meta property=\"og:locale\" content=\"en_GB\" \/>\n<meta property=\"og:type\" content=\"article\" \/>\n<meta property=\"og:title\" content=\"Legal Notice - Sabine Robustelli - Artiste\" \/>\n<meta property=\"og:description\" content=\"[vc_row css_animation=&#8221;&#8221; row_type=&#8221;row&#8221; use_row_as_full_screen_section=&#8221;no&#8221; type=&#8221;full_width&#8221; angled_section=&#8221;no&#8221; text_align=&#8221;left&#8221; background_image_as_pattern=&#8221;without_pattern&#8221; css=&#8221;.vc_custom_1609881288970{padding-top: 50px !important;padding-bottom: 50px !important;}&#8221; z_index=&#8221;&#8221;][vc_column][vc_column_text] Legal Notice [\/vc_column_text][vc_separator type=&#8221;small&#8221; position=&#8221;left&#8221; color=&#8221;#e53469&#8243; up=&#8221;5&#8243; down=&#8221;30&#8243;][vc_row_inner row_type=&#8221;row&#8221; type=&#8221;full_width&#8221; text_align=&#8221;left&#8221; css_animation=&#8221;&#8221;][vc_column_inner width=&#8221;1\/2&#8243;][vc_column_text css=&#8221;.vc_custom_1609882470840{padding-bottom: 20px !important;}&#8221;] Identification Sabine Robustelli, Artiste affili\u00e9e \u00e0 la Maison des Artistes. N\u00b0 Siret : 523435055 00034...\" \/>\n<meta property=\"og:url\" content=\"https:\/\/www.sabinerobustelli.com\/en\/mentions-legales\/\" \/>\n<meta property=\"og:site_name\" content=\"Sabine Robustelli - Artiste\" \/>\n<meta property=\"article:modified_time\" content=\"2025-04-07T16:01:24+00:00\" \/>\n<meta name=\"twitter:card\" content=\"summary_large_image\" \/>\n<meta name=\"twitter:label1\" content=\"Estimated reading time\" \/>\n\t<meta name=\"twitter:data1\" content=\"2 minutes\" \/>\n<script type=\"application\/ld+json\" class=\"yoast-schema-graph\">{\"@context\":\"https:\/\/schema.org\",\"@graph\":[{\"@type\":\"WebPage\",\"@id\":\"https:\/\/www.sabinerobustelli.com\/en\/mentions-legales\/\",\"url\":\"https:\/\/www.sabinerobustelli.com\/en\/mentions-legales\/\",\"name\":\"Legal Notice - Sabine Robustelli - Artiste\",\"isPartOf\":{\"@id\":\"https:\/\/www.sabinerobustelli.com\/en\/#website\"},\"datePublished\":\"2021-01-13T22:08:10+00:00\",\"dateModified\":\"2025-04-07T16:01:24+00:00\",\"breadcrumb\":{\"@id\":\"https:\/\/www.sabinerobustelli.com\/en\/mentions-legales\/#breadcrumb\"},\"inLanguage\":\"en-GB\",\"potentialAction\":[{\"@type\":\"ReadAction\",\"target\":[\"https:\/\/www.sabinerobustelli.com\/en\/mentions-legales\/\"]}]},{\"@type\":\"BreadcrumbList\",\"@id\":\"https:\/\/www.sabinerobustelli.com\/en\/mentions-legales\/#breadcrumb\",\"itemListElement\":[{\"@type\":\"ListItem\",\"position\":1,\"name\":\"Accueil\",\"item\":\"https:\/\/www.sabinerobustelli.com\/en\/\"},{\"@type\":\"ListItem\",\"position\":2,\"name\":\"Legal Notice\"}]},{\"@type\":\"WebSite\",\"@id\":\"https:\/\/www.sabinerobustelli.com\/en\/#website\",\"url\":\"https:\/\/www.sabinerobustelli.com\/en\/\",\"name\":\"Sabine Robustelli - Artiste\",\"description\":\"Lille, France\",\"potentialAction\":[{\"@type\":\"SearchAction\",\"target\":{\"@type\":\"EntryPoint\",\"urlTemplate\":\"https:\/\/www.sabinerobustelli.com\/en\/?s={search_term_string}\"},\"query-input\":{\"@type\":\"PropertyValueSpecification\",\"valueRequired\":true,\"valueName\":\"search_term_string\"}}],\"inLanguage\":\"en-GB\"}]}<\/script>\n<!-- \/ Yoast SEO plugin. -->","yoast_head_json":{"title":"Legal Notice - Sabine Robustelli - Artiste","robots":{"index":"index","follow":"follow","max-snippet":"max-snippet:-1","max-image-preview":"max-image-preview:large","max-video-preview":"max-video-preview:-1"},"canonical":"https:\/\/www.sabinerobustelli.com\/en\/mentions-legales\/","og_locale":"en_GB","og_type":"article","og_title":"Legal Notice - Sabine Robustelli - Artiste","og_description":"[vc_row css_animation=&#8221;&#8221; row_type=&#8221;row&#8221; use_row_as_full_screen_section=&#8221;no&#8221; type=&#8221;full_width&#8221; angled_section=&#8221;no&#8221; text_align=&#8221;left&#8221; background_image_as_pattern=&#8221;without_pattern&#8221; css=&#8221;.vc_custom_1609881288970{padding-top: 50px !important;padding-bottom: 50px !important;}&#8221; z_index=&#8221;&#8221;][vc_column][vc_column_text] Legal Notice [\/vc_column_text][vc_separator type=&#8221;small&#8221; position=&#8221;left&#8221; color=&#8221;#e53469&#8243; up=&#8221;5&#8243; down=&#8221;30&#8243;][vc_row_inner row_type=&#8221;row&#8221; type=&#8221;full_width&#8221; text_align=&#8221;left&#8221; css_animation=&#8221;&#8221;][vc_column_inner width=&#8221;1\/2&#8243;][vc_column_text css=&#8221;.vc_custom_1609882470840{padding-bottom: 20px !important;}&#8221;] Identification Sabine Robustelli, Artiste affili\u00e9e \u00e0 la Maison des Artistes. N\u00b0 Siret : 523435055 00034...","og_url":"https:\/\/www.sabinerobustelli.com\/en\/mentions-legales\/","og_site_name":"Sabine Robustelli - Artiste","article_modified_time":"2025-04-07T16:01:24+00:00","twitter_card":"summary_large_image","twitter_misc":{"Estimated reading time":"2 minutes"},"schema":{"@context":"https:\/\/schema.org","@graph":[{"@type":"WebPage","@id":"https:\/\/www.sabinerobustelli.com\/en\/mentions-legales\/","url":"https:\/\/www.sabinerobustelli.com\/en\/mentions-legales\/","name":"Legal Notice - Sabine Robustelli - Artiste","isPartOf":{"@id":"https:\/\/www.sabinerobustelli.com\/en\/#website"},"datePublished":"2021-01-13T22:08:10+00:00","dateModified":"2025-04-07T16:01:24+00:00","breadcrumb":{"@id":"https:\/\/www.sabinerobustelli.com\/en\/mentions-legales\/#breadcrumb"},"inLanguage":"en-GB","potentialAction":[{"@type":"ReadAction","target":["https:\/\/www.sabinerobustelli.com\/en\/mentions-legales\/"]}]},{"@type":"BreadcrumbList","@id":"https:\/\/www.sabinerobustelli.com\/en\/mentions-legales\/#breadcrumb","itemListElement":[{"@type":"ListItem","position":1,"name":"Accueil","item":"https:\/\/www.sabinerobustelli.com\/en\/"},{"@type":"ListItem","position":2,"name":"Legal Notice"}]},{"@type":"WebSite","@id":"https:\/\/www.sabinerobustelli.com\/en\/#website","url":"https:\/\/www.sabinerobustelli.com\/en\/","name":"Sabine Robustelli - Artiste","description":"Lille, France","potentialAction":[{"@type":"SearchAction","target":{"@type":"EntryPoint","urlTemplate":"https:\/\/www.sabinerobustelli.com\/en\/?s={search_term_string}"},"query-input":{"@type":"PropertyValueSpecification","valueRequired":true,"valueName":"search_term_string"}}],"inLanguage":"en-GB"}]}},"_links":{"self":[{"href":"https:\/\/www.sabinerobustelli.com\/en\/wp-json\/wp\/v2\/pages\/663","targetHints":{"allow":["GET"]}}],"collection":[{"href":"https:\/\/www.sabinerobustelli.com\/en\/wp-json\/wp\/v2\/pages"}],"about":[{"href":"https:\/\/www.sabinerobustelli.com\/en\/wp-json\/wp\/v2\/types\/page"}],"author":[{"embeddable":true,"href":"https:\/\/www.sabinerobustelli.com\/en\/wp-json\/wp\/v2\/users\/1"}],"replies":[{"embeddable":true,"href":"https:\/\/www.sabinerobustelli.com\/en\/wp-json\/wp\/v2\/comments?post=663"}],"version-history":[{"count":2,"href":"https:\/\/www.sabinerobustelli.com\/en\/wp-json\/wp\/v2\/pages\/663\/revisions"}],"predecessor-version":[{"id":665,"href":"https:\/\/www.sabinerobustelli.com\/en\/wp-json\/wp\/v2\/pages\/663\/revisions\/665"}],"wp:attachment":[{"href":"https:\/\/www.sabinerobustelli.com\/en\/wp-json\/wp\/v2\/media?parent=663"}],"curies":[{"name":"wp","href":"https:\/\/api.w.org\/{rel}","templated":true}]}}